{"id":8154,"date":"2025-12-11T11:49:21","date_gmt":"2025-12-11T11:49:21","guid":{"rendered":"https:\/\/www.artisanthai.com\/?post_type=product&#038;p=8154"},"modified":"2026-05-07T08:24:50","modified_gmt":"2026-05-07T08:24:50","slug":"premium-jasmine-green-tea","status":"publish","type":"product","link":"https:\/\/www.artisanthai.com\/fr\/premium-jasmine-green-tea\/","title":{"rendered":"Th\u00e9 vert au jasmin de qualit\u00e9 sup\u00e9rieure - M\u00e9lange naturel tha\u00eflandais"},"content":{"rendered":"<p>Experience the unique taste of Thailand with our Premium Jasmine Green Tea. Handpicked from Thai highlands, it offers a delicate jasmine aroma and refreshing green tea, perfect for any tea lover. By shopping with us, you acknowledge that you have read and agree to our <a href=\"[insert link to privacy policy]\" target=\"_blank\">Privacy Policy<\/a>, which explains how we collect, use, and protect your personal information.<\/p>\n","protected":false},"excerpt":{"rendered":"<p>Experience the unique taste of Thailand with our Premium Jasmine Green Tea. Handpicked from Thai highlands, it offers a delicate jasmine aroma and refreshing green tea, perfect for any tea lover.<\/p>","protected":false},"featured_media":3506,"comment_status":"open","ping_status":"closed","template":"","meta":{"ocean_post_layout":"","ocean_both_sidebars_style":"","ocean_both_sidebars_content_width":0,"ocean_both_sidebars_sidebars_width":0,"ocean_sidebar":"0","ocean_second_sidebar":"0","ocean_disable_margins":"enable","ocean_add_body_class":"","ocean_shortcode_before_top_bar":"","ocean_shortcode_after_top_bar":"","ocean_shortcode_before_header":"","ocean_shortcode_after_header":"","ocean_has_shortcode":"","ocean_shortcode_after_title":"","ocean_shortcode_before_footer_widgets":"","ocean_shortcode_after_footer_widgets":"","ocean_shortcode_before_footer_bottom":"","ocean_shortcode_after_footer_bottom":"","ocean_display_top_bar":"default","ocean_display_header":"default","ocean_header_style":"","ocean_center_header_left_menu":"0","ocean_custom_header_template":"0","ocean_custom_logo":0,"ocean_custom_retina_logo":0,"ocean_custom_logo_max_width":0,"ocean_custom_logo_tablet_max_width":0,"ocean_custom_logo_mobile_max_width":0,"ocean_custom_logo_max_height":0,"ocean_custom_logo_tablet_max_height":0,"ocean_custom_logo_mobile_max_height":0,"ocean_header_custom_menu":"0","ocean_menu_typo_font_family":"0","ocean_menu_typo_font_subset":"","ocean_menu_typo_font_size":0,"ocean_menu_typo_font_size_tablet":0,"ocean_menu_typo_font_size_mobile":0,"ocean_menu_typo_font_size_unit":"px","ocean_menu_typo_font_weight":"","ocean_menu_typo_font_weight_tablet":"","ocean_menu_typo_font_weight_mobile":"","ocean_menu_typo_transform":"","ocean_menu_typo_transform_tablet":"","ocean_menu_typo_transform_mobile":"","ocean_menu_typo_line_height":0,"ocean_menu_typo_line_height_tablet":0,"ocean_menu_typo_line_height_mobile":0,"ocean_menu_typo_line_height_unit":"","ocean_menu_typo_spacing":0,"ocean_menu_typo_spacing_tablet":0,"ocean_menu_typo_spacing_mobile":0,"ocean_menu_typo_spacing_unit":"","ocean_menu_link_color":"","ocean_menu_link_color_hover":"","ocean_menu_link_color_active":"","ocean_menu_link_background":"","ocean_menu_link_hover_background":"","ocean_menu_link_active_background":"","ocean_menu_social_links_bg":"","ocean_menu_social_hover_links_bg":"","ocean_menu_social_links_color":"","ocean_menu_social_hover_links_color":"","ocean_disable_title":"default","ocean_disable_heading":"default","ocean_post_title":"","ocean_post_subheading":"","ocean_post_title_style":"","ocean_post_title_background_color":"","ocean_post_title_background":0,"ocean_post_title_bg_image_position":"","ocean_post_title_bg_image_attachment":"","ocean_post_title_bg_image_repeat":"","ocean_post_title_bg_image_size":"","ocean_post_title_height":0,"ocean_post_title_bg_overlay":0.5,"ocean_post_title_bg_overlay_color":"","ocean_disable_breadcrumbs":"default","ocean_breadcrumbs_color":"","ocean_breadcrumbs_separator_color":"","ocean_breadcrumbs_links_color":"","ocean_breadcrumbs_links_hover_color":"","ocean_display_footer_widgets":"default","ocean_display_footer_bottom":"default","ocean_custom_footer_template":"0"},"product_brand":[],"product_cat":[1730],"product_tag":[2448,2439,2214,2455,2459,2460,2450,2437,2447,2438,2440,2445,2452,2453,2454,2428,2430,2461,2436,2435,2260,2444,2357,2446,2434,2433,2224,2223,2431,2432,2451,2449,2458,2457,2456,2230,1000,2441,2442,2429,2443,904,2216],"class_list":{"0":"post-8154","1":"product","2":"type-product","3":"status-publish","4":"has-post-thumbnail","6":"product_cat-tea-blend","7":"product_tag-100-natural-ingredients","8":"product_tag-aromatic-green-tea","9":"product_tag-artisan-thai-tea","10":"product_tag-bubble-tea-base-jasmine-green-if-used-for-boba","11":"product_tag-buy-jasmine-green-tea-online","12":"product_tag-buy-thai-jasmine-green-tea","13":"product_tag-delicate-green-tea","14":"product_tag-floral-green-tea","15":"product_tag-forest-grown-thai-tea-if-true","16":"product_tag-fragrant-green-tea","17":"product_tag-green-tea-with-jasmine","18":"product_tag-handpicked-thai-green-tea","19":"product_tag-hot-jasmine-green-tea","20":"product_tag-iced-jasmine-green-tea","21":"product_tag-jasmine-green-milk-tea-if-you-position-for-milk-tea","22":"product_tag-jasmine-green-tea","23":"product_tag-jasmine-green-tea-from-thailand","24":"product_tag-jasmine-green-tea-worldwide-shipping","25":"product_tag-jasmine-infused-green-tea","26":"product_tag-jasmine-scented-green-tea","27":"product_tag-light-floral-tea","28":"product_tag-loose-leaf-jasmine-green-tea","29":"product_tag-loose-leaf-thai-tea","30":"product_tag-mountain-grown-thai-green-tea-if-true","31":"product_tag-natural-green-tea-blend","32":"product_tag-natural-jasmine-green-tea","33":"product_tag-no-artificial-flavors","34":"product_tag-no-artificial-flavourings","35":"product_tag-premium-jasmine-green-tea","36":"product_tag-premium-thai-jasmine-green-tea","37":"product_tag-refreshing-jasmine-tea","38":"product_tag-smooth-green-tea","39":"product_tag-specialty-thai-green-tea","40":"product_tag-tea-for-afternoon-tea","41":"product_tag-tea-for-everyday-drinking","42":"product_tag-tea-for-tea-lovers","43":"product_tag-tea-tasting-experience","44":"product_tag-thai-green-tea","45":"product_tag-thai-green-tea-with-jasmine","46":"product_tag-thai-jasmine-green-tea","47":"product_tag-thai-loose-leaf-green-tea","48":"product_tag-thai-tea-culture","49":"product_tag-thai-tea-tradition","51":"entry","52":"has-media","54":"first","55":"instock","56":"taxable","57":"shipping-taxable","58":"purchasable","59":"product-type-variable","60":"has-product-nav","61":"col","62":"span_1_of_3","63":"owp-content-center","64":"owp-thumbs-layout-horizontal","65":"owp-btn-very-big","66":"owp-tabs-layout-vertical","67":"has-no-thumbnails","69":"circle-sale"},"jetpack_sharing_enabled":true,"jetpack-related-posts":[{"id":3513,"url":"https:\/\/www.artisanthai.com\/fr\/thai-oolong-jasmine-rice\/","url_meta":{"origin":8154,"position":0},"title":"Thai Oolong Jasmine Rice Tea - M\u00e9lange exotique avec du riz grill\u00e9","author":"gr.cherpillod@gmail.com","date":"janvier 16, 2025","format":false,"excerpt":"Discover the exquisite Thai Oolong Jasmine Rice Tea, a premium blend of oolong, jasmine, and toasted rice for a rich, aromatic experience.","rel":"","context":"Avec 1 commentaire","block_context":{"text":"Avec 1 commentaire","link":"https:\/\/www.artisanthai.com\/fr\/thai-oolong-jasmine-rice\/#comments"},"img":{"alt_text":"Authentic Thai oolong jasmine rice tea with organic herbs for natural wellness and traditional flavor","src":"https:\/\/i0.wp.com\/www.artisanthai.com\/wp-content\/uploads\/2025\/01\/oolongjasmine.jpg?resize=350%2C200&ssl=1","width":350,"height":200,"srcset":"https:\/\/i0.wp.com\/www.artisanthai.com\/wp-content\/uploads\/2025\/01\/oolongjasmine.jpg?resize=350%2C200&ssl=1 1x, https:\/\/i0.wp.com\/www.artisanthai.com\/wp-content\/uploads\/2025\/01\/oolongjasmine.jpg?resize=525%2C300&ssl=1 1.5x, https:\/\/i0.wp.com\/www.artisanthai.com\/wp-content\/uploads\/2025\/01\/oolongjasmine.jpg?resize=700%2C400&ssl=1 2x, https:\/\/i0.wp.com\/www.artisanthai.com\/wp-content\/uploads\/2025\/01\/oolongjasmine.jpg?resize=1050%2C600&ssl=1 3x"},"classes":[]},{"id":1777,"url":"https:\/\/www.artisanthai.com\/fr\/thai-earl-grey-tea-natural-bergamot\/","url_meta":{"origin":8154,"position":1},"title":"Th\u00e9 tha\u00eflandais Earl Grey - Th\u00e9 noir naturel \u00e0 la bergamote","author":"gr.cherpillod@gmail.com","date":"septembre 10, 2024","format":false,"excerpt":"D\u00e9couvrez le riche ar\u00f4me du th\u00e9 tha\u00eflandais Earl Grey en feuilles. Ce th\u00e9 noir naturel, infus\u00e9 \u00e0 la bergamote, offre une tasse douce et parfum\u00e9e, id\u00e9ale \u00e0 tout moment.","rel":"","context":"Article similaire","block_context":{"text":"Article similaire","link":""},"img":{"alt_text":"Thai Earl Grey Tea - Natural Black Tea with Bergamot - $16.90","src":"https:\/\/i0.wp.com\/www.artisanthai.com\/wp-content\/uploads\/2024\/09\/Untitled-Project.jpg?resize=350%2C200&ssl=1","width":350,"height":200,"srcset":"https:\/\/i0.wp.com\/www.artisanthai.com\/wp-content\/uploads\/2024\/09\/Untitled-Project.jpg?resize=350%2C200&ssl=1 1x, https:\/\/i0.wp.com\/www.artisanthai.com\/wp-content\/uploads\/2024\/09\/Untitled-Project.jpg?resize=525%2C300&ssl=1 1.5x, https:\/\/i0.wp.com\/www.artisanthai.com\/wp-content\/uploads\/2024\/09\/Untitled-Project.jpg?resize=700%2C400&ssl=1 2x, https:\/\/i0.wp.com\/www.artisanthai.com\/wp-content\/uploads\/2024\/09\/Untitled-Project.jpg?resize=1050%2C600&ssl=1 3x"},"classes":[]},{"id":11109,"url":"https:\/\/www.artisanthai.com\/fr\/chatramue-green-thai-tea-mix\/","url_meta":{"origin":8154,"position":2},"title":"Chatramue Green Thai Tea Mix - Th\u00e9 vert de montagne aromatique de Tha\u00eflande","author":"audit audit","date":"mars 30, 2026","format":false,"excerpt":"Indulge in the authentic taste of Thailand with Chatramue Green Thai Tea Mix. Made from premium mountain-grown green tea, it offers a naturally aromatic and smooth brew, perfect for both hot and iced tea preparations. Enjoy a genuine Thai caf\u00e9 experience at home.","rel":"","context":"Article similaire","block_context":{"text":"Article similaire","link":""},"img":{"alt_text":"","src":"https:\/\/i0.wp.com\/www.artisanthai.com\/wp-content\/uploads\/2026\/03\/Screenshot-2026-03-30-091718.png?resize=350%2C200&ssl=1","width":350,"height":200},"classes":[]},{"id":1749,"url":"https:\/\/www.artisanthai.com\/fr\/the-tapee\/","url_meta":{"origin":8154,"position":3},"title":"Thai Herbal Tea | 15-Herb Thai Herbal Tea | ArtisanThai","author":"gr.cherpillod@gmail.com","date":"septembre 10, 2024","format":false,"excerpt":"Thai Herbal Tea is a caffeine-free Thai herbal blend crafted with 15 traditional botanicals. Enjoy a smooth, aromatic experience with free tracked shipping.","rel":"","context":"Avec 87 commentaires","block_context":{"text":"Avec 87 commentaires","link":"https:\/\/www.artisanthai.com\/fr\/the-tapee\/#comments"},"img":{"alt_text":"ArtisanThai Thai herbal tea lab certification \u2013 quality tested and Thai FDA approved natural herbal blend","src":"https:\/\/i0.wp.com\/www.artisanthai.com\/wp-content\/uploads\/2024\/09\/tapeeteatepeeteaartisanthai.jpg?resize=350%2C200&ssl=1","width":350,"height":200,"srcset":"https:\/\/i0.wp.com\/www.artisanthai.com\/wp-content\/uploads\/2024\/09\/tapeeteatepeeteaartisanthai.jpg?resize=350%2C200&ssl=1 1x, https:\/\/i0.wp.com\/www.artisanthai.com\/wp-content\/uploads\/2024\/09\/tapeeteatepeeteaartisanthai.jpg?resize=525%2C300&ssl=1 1.5x, https:\/\/i0.wp.com\/www.artisanthai.com\/wp-content\/uploads\/2024\/09\/tapeeteatepeeteaartisanthai.jpg?resize=700%2C400&ssl=1 2x"},"classes":[]},{"id":1619,"url":"https:\/\/www.artisanthai.com\/fr\/yuzu-oolong-tea-premium-quality\/","url_meta":{"origin":8154,"position":4},"title":"Premium 100% Th\u00e9 Oolong Yuzu Naturel","author":"gr.cherpillod@gmail.com","date":"janvier 7, 2025","format":false,"excerpt":"Indulge in the vibrant harmony of Yuzu Oolong Tea. This premium blend combines smooth oolong with invigorating yuzu citrus for an exquisite taste experience.","rel":"","context":"Article similaire","block_context":{"text":"Article similaire","link":""},"img":{"alt_text":"Image of Premium 100% Natural Yuzu Oolong Tea with free shipping.","src":"https:\/\/i0.wp.com\/www.artisanthai.com\/wp-content\/uploads\/2024\/09\/SmartBG_2025-01-07_e7efb4bc-a135-4de1-bccc-a8664e614f5f.png?resize=350%2C200&ssl=1","width":350,"height":200,"srcset":"https:\/\/i0.wp.com\/www.artisanthai.com\/wp-content\/uploads\/2024\/09\/SmartBG_2025-01-07_e7efb4bc-a135-4de1-bccc-a8664e614f5f.png?resize=350%2C200&ssl=1 1x, https:\/\/i0.wp.com\/www.artisanthai.com\/wp-content\/uploads\/2024\/09\/SmartBG_2025-01-07_e7efb4bc-a135-4de1-bccc-a8664e614f5f.png?resize=525%2C300&ssl=1 1.5x, https:\/\/i0.wp.com\/www.artisanthai.com\/wp-content\/uploads\/2024\/09\/SmartBG_2025-01-07_e7efb4bc-a135-4de1-bccc-a8664e614f5f.png?resize=700%2C400&ssl=1 2x"},"classes":[]},{"id":3479,"url":"https:\/\/www.artisanthai.com\/fr\/osmanthus-flower-tea\/","url_meta":{"origin":8154,"position":5},"title":"Th\u00e9 de fleurs d'osmanthus - Infusion douce sans caf\u00e9ine","author":"gr.cherpillod@gmail.com","date":"janvier 16, 2025","format":false,"excerpt":"Le th\u00e9 \u00e0 la fleur d'osmanthus est une infusion sans caf\u00e9ine \u00e0 l'ar\u00f4me doux et floral, avec des notes d'abricot, de p\u00eache et de miel. A d\u00e9guster chaud ou glac\u00e9.","rel":"","context":"Article similaire","block_context":{"text":"Article similaire","link":""},"img":{"alt_text":"Osmanthus Flower Tea - Sweet, Caffeine-Free Herbal Infusion, $24.90","src":"https:\/\/i0.wp.com\/www.artisanthai.com\/wp-content\/uploads\/2025\/01\/osmanthus.jpg?resize=350%2C200&ssl=1","width":350,"height":200,"srcset":"https:\/\/i0.wp.com\/www.artisanthai.com\/wp-content\/uploads\/2025\/01\/osmanthus.jpg?resize=350%2C200&ssl=1 1x, https:\/\/i0.wp.com\/www.artisanthai.com\/wp-content\/uploads\/2025\/01\/osmanthus.jpg?resize=525%2C300&ssl=1 1.5x, https:\/\/i0.wp.com\/www.artisanthai.com\/wp-content\/uploads\/2025\/01\/osmanthus.jpg?resize=700%2C400&ssl=1 2x, https:\/\/i0.wp.com\/www.artisanthai.com\/wp-content\/uploads\/2025\/01\/osmanthus.jpg?resize=1050%2C600&ssl=1 3x"},"classes":[]}],"_links":{"self":[{"href":"https:\/\/www.artisanthai.com\/fr\/wp-json\/wp\/v2\/product\/8154","targetHints":{"allow":["GET"]}}],"collection":[{"href":"https:\/\/www.artisanthai.com\/fr\/wp-json\/wp\/v2\/product"}],"about":[{"href":"https:\/\/www.artisanthai.com\/fr\/wp-json\/wp\/v2\/types\/product"}],"replies":[{"embeddable":true,"href":"https:\/\/www.artisanthai.com\/fr\/wp-json\/wp\/v2\/comments?post=8154"}],"wp:featuredmedia":[{"embeddable":true,"href":"https:\/\/www.artisanthai.com\/fr\/wp-json\/wp\/v2\/media\/3506"}],"wp:attachment":[{"href":"https:\/\/www.artisanthai.com\/fr\/wp-json\/wp\/v2\/media?parent=8154"}],"wp:term":[{"taxonomy":"product_brand","embeddable":true,"href":"https:\/\/www.artisanthai.com\/fr\/wp-json\/wp\/v2\/product_brand?post=8154"},{"taxonomy":"product_cat","embeddable":true,"href":"https:\/\/www.artisanthai.com\/fr\/wp-json\/wp\/v2\/product_cat?post=8154"},{"taxonomy":"product_tag","embeddable":true,"href":"https:\/\/www.artisanthai.com\/fr\/wp-json\/wp\/v2\/product_tag?post=8154"}],"curies":[{"name":"wp","href":"https:\/\/api.w.org\/{rel}","templated":true}]}}