{"id":11119,"date":"2026-03-30T02:21:02","date_gmt":"2026-03-30T02:21:02","guid":{"rendered":"https:\/\/www.artisanthai.com\/?post_type=product&#038;p=11119"},"modified":"2026-05-07T08:24:34","modified_gmt":"2026-05-07T08:24:34","slug":"roselle-hibiscus-flower-tea","status":"publish","type":"product","link":"https:\/\/www.artisanthai.com\/fr\/roselle-hibiscus-flower-tea\/","title":{"rendered":"Roselle Hibiscus Flower Tea | Thai Herbal Infusion"},"content":{"rendered":"<p>Experience the vibrant, caffeine-free delight of Roselle Hibiscus Flower Tea. This Thai herbal infusion offers a naturally tart, cranberry-like flavor with a deep ruby-red hue, perfect for enjoying hot, iced, or cold-brewed.<\/p>\n<p>By using our website, you acknowledge that you have read and agree to our <a href=\"[insert link to privacy policy]\" target=\"_blank\">Privacy Policy<\/a>, which describes how we collect, use, and protect your personal information.<\/p>\n","protected":false},"excerpt":{"rendered":"<p>Experience the vibrant, caffeine-free delight of Roselle Hibiscus Flower Tea. This Thai herbal infusion offers a naturally tart, cranberry-like flavor with a deep ruby-red hue, perfect for enjoying hot, iced, or cold-brewed.<\/p>","protected":false},"featured_media":11129,"comment_status":"closed","ping_status":"closed","template":"","meta":{"ocean_post_layout":"","ocean_both_sidebars_style":"","ocean_both_sidebars_content_width":0,"ocean_both_sidebars_sidebars_width":0,"ocean_sidebar":"0","ocean_second_sidebar":"0","ocean_disable_margins":"enable","ocean_add_body_class":"","ocean_shortcode_before_top_bar":"","ocean_shortcode_after_top_bar":"","ocean_shortcode_before_header":"","ocean_shortcode_after_header":"","ocean_has_shortcode":"","ocean_shortcode_after_title":"","ocean_shortcode_before_footer_widgets":"","ocean_shortcode_after_footer_widgets":"","ocean_shortcode_before_footer_bottom":"","ocean_shortcode_after_footer_bottom":"","ocean_display_top_bar":"default","ocean_display_header":"default","ocean_header_style":"","ocean_center_header_left_menu":"0","ocean_custom_header_template":"0","ocean_custom_logo":0,"ocean_custom_retina_logo":0,"ocean_custom_logo_max_width":0,"ocean_custom_logo_tablet_max_width":0,"ocean_custom_logo_mobile_max_width":0,"ocean_custom_logo_max_height":0,"ocean_custom_logo_tablet_max_height":0,"ocean_custom_logo_mobile_max_height":0,"ocean_header_custom_menu":"0","ocean_menu_typo_font_family":"0","ocean_menu_typo_font_subset":"","ocean_menu_typo_font_size":0,"ocean_menu_typo_font_size_tablet":0,"ocean_menu_typo_font_size_mobile":0,"ocean_menu_typo_font_size_unit":"px","ocean_menu_typo_font_weight":"","ocean_menu_typo_font_weight_tablet":"","ocean_menu_typo_font_weight_mobile":"","ocean_menu_typo_transform":"","ocean_menu_typo_transform_tablet":"","ocean_menu_typo_transform_mobile":"","ocean_menu_typo_line_height":0,"ocean_menu_typo_line_height_tablet":0,"ocean_menu_typo_line_height_mobile":0,"ocean_menu_typo_line_height_unit":"","ocean_menu_typo_spacing":0,"ocean_menu_typo_spacing_tablet":0,"ocean_menu_typo_spacing_mobile":0,"ocean_menu_typo_spacing_unit":"","ocean_menu_link_color":"","ocean_menu_link_color_hover":"","ocean_menu_link_color_active":"","ocean_menu_link_background":"","ocean_menu_link_hover_background":"","ocean_menu_link_active_background":"","ocean_menu_social_links_bg":"","ocean_menu_social_hover_links_bg":"","ocean_menu_social_links_color":"","ocean_menu_social_hover_links_color":"","ocean_disable_title":"default","ocean_disable_heading":"default","ocean_post_title":"","ocean_post_subheading":"","ocean_post_title_style":"","ocean_post_title_background_color":"","ocean_post_title_background":0,"ocean_post_title_bg_image_position":"","ocean_post_title_bg_image_attachment":"","ocean_post_title_bg_image_repeat":"","ocean_post_title_bg_image_size":"","ocean_post_title_height":0,"ocean_post_title_bg_overlay":0.5,"ocean_post_title_bg_overlay_color":"","ocean_disable_breadcrumbs":"default","ocean_breadcrumbs_color":"","ocean_breadcrumbs_separator_color":"","ocean_breadcrumbs_links_color":"","ocean_breadcrumbs_links_hover_color":"","ocean_display_footer_widgets":"default","ocean_display_footer_bottom":"default","ocean_custom_footer_template":"0"},"product_brand":[],"product_cat":[1727],"product_tag":[2214,2715,2712,2710,2722,2708,2719,2711,2718,2289,2706,2725,2713,2717,2716,2723,2721,2707,2705,2714,2724,2720,2059,2709,2578],"class_list":{"0":"post-11119","1":"product","2":"type-product","3":"status-publish","4":"has-post-thumbnail","6":"product_cat-flower-tea","7":"product_tag-artisan-thai-tea","8":"product_tag-authentic-thai-herbal-tea","9":"product_tag-buy-roselle-tea-online","10":"product_tag-caffeine-free-flower-tea","11":"product_tag-caffeine-free-thai-tea","12":"product_tag-cha-krajiab","13":"product_tag-cranberry-flavour-tea","14":"product_tag-dried-roselle-calyces","15":"product_tag-flower-tea-thailand","16":"product_tag-herbal-tea-gift","17":"product_tag-hibiscus-flower-tea","18":"product_tag-hibiscus-infusion","19":"product_tag-hibiscus-tea-thailand","20":"product_tag-hot-roselle-tea","21":"product_tag-iced-roselle-tea","22":"product_tag-loose-flower-tea","23":"product_tag-natural-flower-tea","24":"product_tag-roselle-hibiscus-tea","25":"product_tag-roselle-tea","26":"product_tag-roselle-tea-worldwide-shipping","27":"product_tag-ruby-red-tea","28":"product_tag-tart-herbal-tea","29":"product_tag-thai-herbal-tea","30":"product_tag-thai-roselle-tea","31":"product_tag-traditional-thai-herbal-drink","33":"entry","34":"has-media","36":"first","37":"instock","38":"taxable","39":"shipping-taxable","40":"purchasable","41":"product-type-variable","42":"has-product-nav","43":"col","44":"span_1_of_3","45":"owp-content-center","46":"owp-thumbs-layout-horizontal","47":"owp-btn-very-big","48":"owp-tabs-layout-vertical","49":"has-no-thumbnails","51":"circle-sale"},"jetpack_sharing_enabled":true,"jetpack-related-posts":[{"id":3455,"url":"https:\/\/www.artisanthai.com\/fr\/butterfly-pea-flower-tea-color-changing\/","url_meta":{"origin":11119,"position":0},"title":"Butterfly Pea Flower Tea | Infusion \u00e0 base de plantes aux couleurs changeantes","author":"gr.cherpillod@gmail.com","date":"janvier 16, 2025","format":false,"excerpt":"La fleur de th\u00e9 Butterfly Pea est une infusion sans caf\u00e9ine connue pour sa couleur bleue vibrante et son aspect changeant lorsqu'elle est m\u00e9lang\u00e9e \u00e0 des agrumes. A d\u00e9guster chaud ou glac\u00e9.","rel":"","context":"Article similaire","block_context":{"text":"Article similaire","link":""},"img":{"alt_text":"Dried butterfly pea flowers in a bowl on a blue cloth, used for herbal tea making.","src":"https:\/\/i0.wp.com\/www.artisanthai.com\/wp-content\/uploads\/2025\/01\/butterfly.jpg?resize=350%2C200&ssl=1","width":350,"height":200,"srcset":"https:\/\/i0.wp.com\/www.artisanthai.com\/wp-content\/uploads\/2025\/01\/butterfly.jpg?resize=350%2C200&ssl=1 1x, https:\/\/i0.wp.com\/www.artisanthai.com\/wp-content\/uploads\/2025\/01\/butterfly.jpg?resize=525%2C300&ssl=1 1.5x, https:\/\/i0.wp.com\/www.artisanthai.com\/wp-content\/uploads\/2025\/01\/butterfly.jpg?resize=700%2C400&ssl=1 2x, https:\/\/i0.wp.com\/www.artisanthai.com\/wp-content\/uploads\/2025\/01\/butterfly.jpg?resize=1050%2C600&ssl=1 3x"},"classes":[]},{"id":3444,"url":"https:\/\/www.artisanthai.com\/fr\/bael-fruit-tea-thai-herbal\/","url_meta":{"origin":11119,"position":1},"title":"Bael Fruit Tea | Infusion tha\u00eflandaise sans caf\u00e9ine","author":"gr.cherpillod@gmail.com","date":"janvier 16, 2025","format":false,"excerpt":"Savourez l'authentique th\u00e9 tha\u00eflandais aux fruits Bael, une infusion sans caf\u00e9ine \u00e0 la saveur naturellement sucr\u00e9e, bois\u00e9e et caram\u00e9lis\u00e9e. Parfait chaud ou glac\u00e9.","rel":"","context":"Article similaire","block_context":{"text":"Article similaire","link":""},"img":{"alt_text":"Top view of dried bael fruit slices in a wooden bowl placed on a textured surface.","src":"https:\/\/i0.wp.com\/www.artisanthai.com\/wp-content\/uploads\/2025\/01\/bael.jpg?resize=350%2C200&ssl=1","width":350,"height":200,"srcset":"https:\/\/i0.wp.com\/www.artisanthai.com\/wp-content\/uploads\/2025\/01\/bael.jpg?resize=350%2C200&ssl=1 1x, https:\/\/i0.wp.com\/www.artisanthai.com\/wp-content\/uploads\/2025\/01\/bael.jpg?resize=525%2C300&ssl=1 1.5x, https:\/\/i0.wp.com\/www.artisanthai.com\/wp-content\/uploads\/2025\/01\/bael.jpg?resize=700%2C400&ssl=1 2x, https:\/\/i0.wp.com\/www.artisanthai.com\/wp-content\/uploads\/2025\/01\/bael.jpg?resize=1050%2C600&ssl=1 3x"},"classes":[]},{"id":3479,"url":"https:\/\/www.artisanthai.com\/fr\/osmanthus-flower-tea\/","url_meta":{"origin":11119,"position":2},"title":"Th\u00e9 de fleurs d'osmanthus - Infusion douce sans caf\u00e9ine","author":"gr.cherpillod@gmail.com","date":"janvier 16, 2025","format":false,"excerpt":"Le th\u00e9 \u00e0 la fleur d'osmanthus est une infusion sans caf\u00e9ine \u00e0 l'ar\u00f4me doux et floral, avec des notes d'abricot, de p\u00eache et de miel. A d\u00e9guster chaud ou glac\u00e9.","rel":"","context":"Article similaire","block_context":{"text":"Article similaire","link":""},"img":{"alt_text":"Bowl of dried osmanthus flowers, used for making caffeine-[verified] herbal tea.","src":"https:\/\/i0.wp.com\/www.artisanthai.com\/wp-content\/uploads\/2025\/01\/osmanthus.jpg?resize=350%2C200&ssl=1","width":350,"height":200,"srcset":"https:\/\/i0.wp.com\/www.artisanthai.com\/wp-content\/uploads\/2025\/01\/osmanthus.jpg?resize=350%2C200&ssl=1 1x, https:\/\/i0.wp.com\/www.artisanthai.com\/wp-content\/uploads\/2025\/01\/osmanthus.jpg?resize=525%2C300&ssl=1 1.5x, https:\/\/i0.wp.com\/www.artisanthai.com\/wp-content\/uploads\/2025\/01\/osmanthus.jpg?resize=700%2C400&ssl=1 2x, https:\/\/i0.wp.com\/www.artisanthai.com\/wp-content\/uploads\/2025\/01\/osmanthus.jpg?resize=1050%2C600&ssl=1 3x"},"classes":[]},{"id":3490,"url":"https:\/\/www.artisanthai.com\/fr\/chrysanthemum-flower-tea-herbal\/","url_meta":{"origin":11119,"position":3},"title":"Th\u00e9 de fleurs de chrysanth\u00e8me | Tisane sans caf\u00e9ine","author":"gr.cherpillod@gmail.com","date":"janvier 16, 2025","format":false,"excerpt":"Le th\u00e9 aux fleurs de chrysanth\u00e8me est une infusion sans caf\u00e9ine au doux ar\u00f4me floral et \u00e0 la douceur naturelle.","rel":"","context":"Article similaire","block_context":{"text":"Article similaire","link":""},"img":{"alt_text":"A bowl of dried chrysanthemum flowers used for making caffeine-[verified] herbal tea, displayed on a textured surface.","src":"https:\/\/i0.wp.com\/www.artisanthai.com\/wp-content\/uploads\/2025\/01\/chrysten.jpg?resize=350%2C200&ssl=1","width":350,"height":200,"srcset":"https:\/\/i0.wp.com\/www.artisanthai.com\/wp-content\/uploads\/2025\/01\/chrysten.jpg?resize=350%2C200&ssl=1 1x, https:\/\/i0.wp.com\/www.artisanthai.com\/wp-content\/uploads\/2025\/01\/chrysten.jpg?resize=525%2C300&ssl=1 1.5x, https:\/\/i0.wp.com\/www.artisanthai.com\/wp-content\/uploads\/2025\/01\/chrysten.jpg?resize=700%2C400&ssl=1 2x, https:\/\/i0.wp.com\/www.artisanthai.com\/wp-content\/uploads\/2025\/01\/chrysten.jpg?resize=1050%2C600&ssl=1 3x"},"classes":[]},{"id":3468,"url":"https:\/\/www.artisanthai.com\/fr\/chamomile-flower-tea\/","url_meta":{"origin":11119,"position":4},"title":"Th\u00e9 de fleurs de camomille - Infusion sans caf\u00e9ine","author":"gr.cherpillod@gmail.com","date":"janvier 16, 2025","format":false,"excerpt":"Le th\u00e9 aux fleurs de camomille est une infusion sans caf\u00e9ine \u00e0 base de fleurs de camomille s\u00e9ch\u00e9es, \u00e0 l'ar\u00f4me floral et \u00e0 la douceur subtile de pomme.","rel":"","context":"Article similaire","block_context":{"text":"Article similaire","link":""},"img":{"alt_text":"A bowl filled with dried chamomile flowers on a fabric surface, with green leaves beside it.","src":"https:\/\/i0.wp.com\/www.artisanthai.com\/wp-content\/uploads\/2025\/01\/chamomille.jpg?resize=350%2C200&ssl=1","width":350,"height":200,"srcset":"https:\/\/i0.wp.com\/www.artisanthai.com\/wp-content\/uploads\/2025\/01\/chamomille.jpg?resize=350%2C200&ssl=1 1x, https:\/\/i0.wp.com\/www.artisanthai.com\/wp-content\/uploads\/2025\/01\/chamomille.jpg?resize=525%2C300&ssl=1 1.5x, https:\/\/i0.wp.com\/www.artisanthai.com\/wp-content\/uploads\/2025\/01\/chamomille.jpg?resize=700%2C400&ssl=1 2x, https:\/\/i0.wp.com\/www.artisanthai.com\/wp-content\/uploads\/2025\/01\/chamomille.jpg?resize=1050%2C600&ssl=1 3x"},"classes":[]},{"id":1749,"url":"https:\/\/www.artisanthai.com\/fr\/the-tapee\/","url_meta":{"origin":11119,"position":5},"title":"Thai Herbal Tea | 15-Herb Thai Herbal Tea | ArtisanThai","author":"gr.cherpillod@gmail.com","date":"septembre 10, 2024","format":false,"excerpt":"Thai Herbal Tea is a caffeine-free Thai herbal blend crafted with 15 traditional botanicals. Enjoy a smooth, aromatic experience with free tracked shipping.","rel":"","context":"Avec 87 commentaires","block_context":{"text":"Avec 87 commentaires","link":"https:\/\/www.artisanthai.com\/fr\/the-tapee\/#comments"},"img":{"alt_text":"Image #1 from Nancy DeLisio","src":"https:\/\/i0.wp.com\/www.artisanthai.com\/wp-content\/uploads\/2025\/06\/1748868550__1748868541950-image__original-2-1024x768.jpg?resize=350%2C200&ssl=1","width":350,"height":200,"srcset":"https:\/\/i0.wp.com\/www.artisanthai.com\/wp-content\/uploads\/2025\/06\/1748868550__1748868541950-image__original-2-1024x768.jpg?resize=350%2C200&ssl=1 1x, https:\/\/i0.wp.com\/www.artisanthai.com\/wp-content\/uploads\/2025\/06\/1748868550__1748868541950-image__original-2-1024x768.jpg?resize=525%2C300&ssl=1 1.5x, https:\/\/i0.wp.com\/www.artisanthai.com\/wp-content\/uploads\/2025\/06\/1748868550__1748868541950-image__original-2-1024x768.jpg?resize=700%2C400&ssl=1 2x"},"classes":[]}],"_links":{"self":[{"href":"https:\/\/www.artisanthai.com\/fr\/wp-json\/wp\/v2\/product\/11119","targetHints":{"allow":["GET"]}}],"collection":[{"href":"https:\/\/www.artisanthai.com\/fr\/wp-json\/wp\/v2\/product"}],"about":[{"href":"https:\/\/www.artisanthai.com\/fr\/wp-json\/wp\/v2\/types\/product"}],"replies":[{"embeddable":true,"href":"https:\/\/www.artisanthai.com\/fr\/wp-json\/wp\/v2\/comments?post=11119"}],"wp:featuredmedia":[{"embeddable":true,"href":"https:\/\/www.artisanthai.com\/fr\/wp-json\/wp\/v2\/media\/11129"}],"wp:attachment":[{"href":"https:\/\/www.artisanthai.com\/fr\/wp-json\/wp\/v2\/media?parent=11119"}],"wp:term":[{"taxonomy":"product_brand","embeddable":true,"href":"https:\/\/www.artisanthai.com\/fr\/wp-json\/wp\/v2\/product_brand?post=11119"},{"taxonomy":"product_cat","embeddable":true,"href":"https:\/\/www.artisanthai.com\/fr\/wp-json\/wp\/v2\/product_cat?post=11119"},{"taxonomy":"product_tag","embeddable":true,"href":"https:\/\/www.artisanthai.com\/fr\/wp-json\/wp\/v2\/product_tag?post=11119"}],"curies":[{"name":"wp","href":"https:\/\/api.w.org\/{rel}","templated":true}]}}