{"id":10026,"date":"2026-02-24T06:58:31","date_gmt":"2026-02-24T06:58:31","guid":{"rendered":"https:\/\/www.artisanthai.com\/?page_id=10026"},"modified":"2026-03-31T05:25:23","modified_gmt":"2026-03-31T05:25:23","slug":"servicebedingungen","status":"publish","type":"page","link":"https:\/\/www.artisanthai.com\/de\/servicebedingungen\/","title":{"rendered":"Bedingungen der Dienstleistung"},"content":{"rendered":"<p><strong>Zuletzt aktualisiert:<\/strong> M\u00e4rz 2026<\/p>\n<p>Bitte lesen Sie diese Nutzungsbedingungen sorgf\u00e4ltig durch, bevor Sie <a href=\"https:\/\/www.artisanthai.com\/de\/\">www.artisanthai.com<\/a> (die \u201cWebsite\u201d). Diese Nutzungsbedingungen gelten f\u00fcr die Nutzung der Website und f\u00fcr Bestellungen, die \u00fcber die Website aufgegeben werden. Indem Sie die Website nutzen oder eine Bestellung aufgeben, erkl\u00e4ren Sie sich mit diesen Nutzungsbedingungen einverstanden. Diese Bedingungen schr\u00e4nken in keiner Weise Ihre Rechte ein, die Ihnen nach geltendem Verbraucherrecht zustehen.<\/p>\n<h2>Allgemein<\/h2>\n<p>ArtisanThai betreibt ein Online-Gesch\u00e4ft, das Tee und verwandte Produkte anbietet. Wir k\u00f6nnen diese Servicebedingungen von Zeit zu Zeit aktualisieren, indem wir eine \u00fcberarbeitete Version auf dieser Seite mit einem aktualisierten Datum ver\u00f6ffentlichen.<\/p>\n<h2>Informationen zum Produkt<\/h2>\n<p>Unsere Produkte werden in Form von Tees und tee\u00e4hnlichen Getr\u00e4nken verkauft. Produktbeschreibungen, Inhaltsstoffe, Verf\u00fcgbarkeit, Preise und \u00e4hnliche Informationen k\u00f6nnen von Zeit zu Zeit aktualisiert werden.<\/p>\n<p>Die Informationen auf dieser Website dienen nur der allgemeinen Produkt- und Einkaufsinformation. Sie stellen keine medizinische Beratung dar.<\/p>\n<h2>Anspruchsberechtigung, Bestellung und Zahlung<\/h2>\n<p>Indem Sie eine Bestellung auf der Website aufgeben, best\u00e4tigen Sie, dass Sie rechtlich in der Lage sind, einen verbindlichen Vertrag in Ihrer Gerichtsbarkeit zu schlie\u00dfen.<\/p>\n<p>Die Preise werden auf der Website und an der Kasse in der f\u00fcr Ihre Bestellung geltenden W\u00e4hrung angegeben. Wir k\u00f6nnen Fehler bei der Preisgestaltung, der Auflistung oder dem Lagerbestand korrigieren, wenn dies angemessen ist.<\/p>\n<p>Die Zahlung muss abgeschlossen sein, bevor eine Bestellung bearbeitet wird. Die verf\u00fcgbaren Zahlungsarten werden an der Kasse angezeigt und k\u00f6nnen je nach Bestellung, Standort und Ger\u00e4t variieren.<\/p>\n<p>Wir speichern Ihre vollst\u00e4ndigen Angaben zur Zahlungskarte nicht auf unseren eigenen Servern.<\/p>\n<h2>Annahme der Bestellung<\/h2>\n<p>Nachdem Sie eine Bestellung aufgegeben haben, schicken wir Ihnen in der Regel eine Auftragsbest\u00e4tigung per E-Mail, die den Eingang Ihrer Bestellung best\u00e4tigt. Diese Best\u00e4tigung bedeutet nicht unbedingt, dass Ihre Bestellung angenommen wurde.<\/p>\n<p>Wir k\u00f6nnen eine Bestellung ablehnen, einschr\u00e4nken oder stornieren, wenn dies vern\u00fcnftigerweise notwendig ist, z. B. wenn Produkte nicht verf\u00fcgbar sind, die Zahlung nicht autorisiert werden kann, Betrug oder Missbrauch vermutet wird oder Preis- oder Listungsfehler aufgetreten sind. Wenn wir eine Bestellung stornieren, nachdem die Zahlung bereits erfolgt ist, erstatten wir den gezahlten Betrag nach M\u00f6glichkeit mit der urspr\u00fcnglichen Zahlungsmethode.<\/p>\n<h2>UK und andere Verbraucherrechte<\/h2>\n<p>Wenn in Ihrem Wohnsitzland Verbraucherschutzgesetze gelten, gelten diese Rechte weiterhin und werden durch diese Nutzungsbedingungen nicht eingeschr\u00e4nkt.<\/p>\n<p>So k\u00f6nnen Verbraucher im Vereinigten K\u00f6nigreich beispielsweise nach dem Consumer Rights Act 2015 und der Consumer Contracts (Information, Cancellation and Additional Charges) Regulations 2013 Rechte haben, darunter ein 14-t\u00e4giges Widerrufsrecht f\u00fcr viele Fernabsatzgesch\u00e4fte, vorbehaltlich gesetzlicher Ausnahmen.<\/p>\n<p>In F\u00e4llen, in denen ein Widerrufsrecht besteht, m\u00fcssen die zur\u00fcckgesandten Waren den geltenden gesetzlichen Bestimmungen und den in unseren R\u00fcckerstattungs- und R\u00fcckgabebestimmungen eindeutig festgelegten Bedingungen entsprechen.<\/p>\n<h2>Versand und Lieferung<\/h2>\n<p>Wir versenden an ausgew\u00e4hlte Ziele. Versandoptionen, voraussichtliche Lieferzeiten und eventuelle Versandkosten werden auf der Website oder w\u00e4hrend des Bestellvorgangs angezeigt.<\/p>\n<p>Die gesch\u00e4tzte Lieferzeit kann nicht garantiert werden und kann durch Zollbestimmungen, Transportunternehmen oder andere Faktoren, die au\u00dferhalb unserer Kontrolle liegen, beeinflusst werden.<\/p>\n<p>Die Kunden sind f\u00fcr die \u00dcberpr\u00fcfung der \u00f6rtlichen Einfuhrbestimmungen und f\u00fcr etwaige Z\u00f6lle, Steuern oder Geb\u00fchren verantwortlich, sofern an der Kasse nicht anders angegeben.<\/p>\n<h2>R\u00fccksendungen und Erstattungen<\/h2>\n<p>Unsere Verfahren f\u00fcr R\u00fccksendungen, R\u00fcckerstattungen und Ersatz sind in unserem <a href=\"\/de\/ruckerstattung_ruckgaben\/\">R\u00fcckerstattung und R\u00fcckgabe<\/a>, die Teil dieser Nutzungsbedingungen ist.<\/p>\n<p>Diese Bedingungen haben keinen Einfluss auf gesetzlich vorgeschriebene R\u00fcckerstattungs-, Stornierungs- oder andere Verbraucherrechte, die nach dem Gesetz gelten.<\/p>\n<h2>R\u00fcckbuchungen und Zahlungsstreitigkeiten<\/h2>\n<p>Wenn Sie ein Problem mit einer Bestellung oder Zahlung haben, kontaktieren Sie uns bitte zuerst, damit wir versuchen k\u00f6nnen, das Problem umgehend zu l\u00f6sen.<\/p>\n<p>Dies ber\u00fchrt nicht die Rechte, die Sie m\u00f6glicherweise haben, um einen Streit mit Ihrem Kartenaussteller, Ihrer Bank, Ihrem Zahlungsanbieter oder nach geltendem Verbraucherrecht vorzubringen.<\/p>\n<p>Wenn ein Zahlungsstreit oder eine R\u00fcckbuchung eingeleitet wird, k\u00f6nnen wir relevante Auftragsdaten, Tracking-Informationen und Korrespondenz an den jeweiligen Zahlungsanbieter weiterleiten, damit der Streitfall \u00fcberpr\u00fcft werden kann.<\/p>\n<h2>Kundenkonten<\/h2>\n<p>Wenn Sie ein Konto auf der Website erstellen, sind Sie f\u00fcr die Geheimhaltung Ihrer Anmeldedaten und f\u00fcr die unter Ihrem Konto ausgef\u00fchrten Aktivit\u00e4ten verantwortlich. Bitte benachrichtigen Sie uns umgehend, wenn Sie glauben, dass Ihr Konto unbefugt genutzt wurde.<\/p>\n<h2>Geistiges Eigentum<\/h2>\n<p>Der gesamte Inhalt der Website, einschlie\u00dflich der Texte, Bilder, Logos, Grafiken und anderer Materialien, ist Eigentum von ArtisanThai oder wird mit Genehmigung verwendet und ist durch die geltenden Gesetze zum Schutz geistigen Eigentums gesch\u00fctzt.<\/p>\n<p>Es ist nicht gestattet, den Inhalt der Website ohne vorherige schriftliche Genehmigung zu kopieren, zu vervielf\u00e4ltigen, zu verbreiten, zu ver\u00e4ndern oder zu kommerziellen Zwecken zu nutzen, es sei denn, dies ist gesetzlich zul\u00e4ssig.<\/p>\n<h2>Verbotene Verwendungen<\/h2>\n<p>Sie verpflichten sich, die Website nicht f\u00fcr ungesetzliche Zwecke oder in einer Weise zu nutzen, die die Website oder damit verbundene Systeme besch\u00e4digen, deaktivieren oder beeintr\u00e4chtigen k\u00f6nnte.<\/p>\n<ul>\n<li>Betrug oder andere ungesetzliche Handlungen.<\/li>\n<li>Der Versuch, sich unbefugten Zugang zur Website, zu Konten oder Systemen zu verschaffen.<\/li>\n<li>Verwendung der Website oder der Produkte f\u00fcr den nicht genehmigten Wiederverkauf oder die kommerzielle Verbreitung.<\/li>\n<\/ul>\n<h2>Beschr\u00e4nkung der Haftung<\/h2>\n<p>Nichts in diesen Bedingungen schlie\u00dft die Haftung aus oder beschr\u00e4nkt sie, wo sie nicht rechtm\u00e4\u00dfig ausgeschlossen oder beschr\u00e4nkt werden kann.<\/p>\n<p>Vorbehaltlich dessen und soweit dies nach geltendem Recht zul\u00e4ssig ist, haften wir nicht f\u00fcr indirekte oder Folgesch\u00e4den, die sich aus der Nutzung der Website oder den \u00fcber sie get\u00e4tigten K\u00e4ufen ergeben.<\/p>\n<p>Unsere Gesamthaftung in Bezug auf eine bestimmte Bestellung \u00fcbersteigt nicht den f\u00fcr das betreffende Produkt bezahlten Betrag, es sei denn, ein h\u00f6herer Betrag ist gesetzlich vorgeschrieben.<\/p>\n<h2>Entsch\u00e4digung<\/h2>\n<p>Sie erkl\u00e4ren sich damit einverstanden, f\u00fcr Verluste, die uns infolge eines Versto\u00dfes gegen diese Bedingungen oder eines unrechtm\u00e4\u00dfigen Missbrauchs der Website entstehen, in dem nach geltendem Recht zul\u00e4ssigen Umfang verantwortlich zu sein.<\/p>\n<h2>Reklamationen und Streitigkeiten<\/h2>\n<p>Wenn Sie eine Beschwerde haben, wenden Sie sich bitte zuerst an uns, damit wir versuchen k\u00f6nnen, eine faire und rasche L\u00f6sung zu finden.<\/p>\n<h2>Geltendes Recht und Gerichtsstand<\/h2>\n<p>Diese Nutzungsbedingungen unterliegen den Gesetzen, die auf das auf dieser Website angegebene Gesch\u00e4ft anwendbar sind, es sei denn, dass zwingende Verbraucherschutzgesetze in Ihrem Wohnsitzland gelten und nicht ausgeschlossen werden k\u00f6nnen.<\/p>\n<p>Alle Streitigkeiten werden von den nach geltendem Recht zust\u00e4ndigen Gerichten behandelt.<\/p>\n<h2>Trennbarkeit<\/h2>\n<p>Sollte sich eine Bestimmung dieser Nutzungsbedingungen als ung\u00fcltig oder nicht durchsetzbar erweisen, bleiben die \u00fcbrigen Bestimmungen in dem gesetzlich zul\u00e4ssigen Umfang in Kraft.<\/p>\n<h2>\u00c4nderungen an diesen Bedingungen<\/h2>\n<p>Wir k\u00f6nnen diese Servicebedingungen von Zeit zu Zeit aktualisieren. Jede aktualisierte Version wird auf dieser Seite mit einem \u00fcberarbeiteten Datum der letzten Aktualisierung ver\u00f6ffentlicht.<\/p>\n<h2>Kontakt<\/h2>\n<p>Wenn Sie Fragen zu diesen Nutzungsbedingungen haben, kontaktieren Sie uns bitte \u00fcber unsere Kontaktseite unter <a href=\"https:\/\/www.artisanthai.com\/de\/kontaktieren-sie-uns\/\">www.artisanthai.com\/contact-us<\/a>.<\/p>","protected":false},"excerpt":{"rendered":"<p>Last Updated: March 2026 Please read these Terms of Service carefully before using www.artisanthai.com (the &#8220;Site&#8221;). These Terms of Service apply to your use of the Site and to orders placed through it. By using the Site or placing an order, you agree to these Terms of Service. Nothing in these Terms limits any rights [&hellip;]<\/p>\n","protected":false},"author":1,"featured_media":0,"parent":0,"menu_order":0,"comment_status":"closed","ping_status":"closed","template":"","meta":{"ocean_post_layout":"","ocean_both_sidebars_style":"","ocean_both_sidebars_content_width":0,"ocean_both_sidebars_sidebars_width":0,"ocean_sidebar":"","ocean_second_sidebar":"","ocean_disable_margins":"enable","ocean_add_body_class":"","ocean_shortcode_before_top_bar":"","ocean_shortcode_after_top_bar":"","ocean_shortcode_before_header":"","ocean_shortcode_after_header":"","ocean_has_shortcode":"","ocean_shortcode_after_title":"","ocean_shortcode_before_footer_widgets":"","ocean_shortcode_after_footer_widgets":"","ocean_shortcode_before_footer_bottom":"","ocean_shortcode_after_footer_bottom":"","ocean_display_top_bar":"default","ocean_display_header":"default","ocean_header_style":"","ocean_center_header_left_menu":"","ocean_custom_header_template":"","ocean_custom_logo":0,"ocean_custom_retina_logo":0,"ocean_custom_logo_max_width":0,"ocean_custom_logo_tablet_max_width":0,"ocean_custom_logo_mobile_max_width":0,"ocean_custom_logo_max_height":0,"ocean_custom_logo_tablet_max_height":0,"ocean_custom_logo_mobile_max_height":0,"ocean_header_custom_menu":"","ocean_menu_typo_font_family":"","ocean_menu_typo_font_subset":"","ocean_menu_typo_font_size":0,"ocean_menu_typo_font_size_tablet":0,"ocean_menu_typo_font_size_mobile":0,"ocean_menu_typo_font_size_unit":"px","ocean_menu_typo_font_weight":"","ocean_menu_typo_font_weight_tablet":"","ocean_menu_typo_font_weight_mobile":"","ocean_menu_typo_transform":"","ocean_menu_typo_transform_tablet":"","ocean_menu_typo_transform_mobile":"","ocean_menu_typo_line_height":0,"ocean_menu_typo_line_height_tablet":0,"ocean_menu_typo_line_height_mobile":0,"ocean_menu_typo_line_height_unit":"","ocean_menu_typo_spacing":0,"ocean_menu_typo_spacing_tablet":0,"ocean_menu_typo_spacing_mobile":0,"ocean_menu_typo_spacing_unit":"","ocean_menu_link_color":"","ocean_menu_link_color_hover":"","ocean_menu_link_color_active":"","ocean_menu_link_background":"","ocean_menu_link_hover_background":"","ocean_menu_link_active_background":"","ocean_menu_social_links_bg":"","ocean_menu_social_hover_links_bg":"","ocean_menu_social_links_color":"","ocean_menu_social_hover_links_color":"","ocean_disable_title":"default","ocean_disable_heading":"default","ocean_post_title":"","ocean_post_subheading":"","ocean_post_title_style":"","ocean_post_title_background_color":"","ocean_post_title_background":0,"ocean_post_title_bg_image_position":"","ocean_post_title_bg_image_attachment":"","ocean_post_title_bg_image_repeat":"","ocean_post_title_bg_image_size":"","ocean_post_title_height":0,"ocean_post_title_bg_overlay":0.5,"ocean_post_title_bg_overlay_color":"","ocean_disable_breadcrumbs":"default","ocean_breadcrumbs_color":"","ocean_breadcrumbs_separator_color":"","ocean_breadcrumbs_links_color":"","ocean_breadcrumbs_links_hover_color":"","ocean_display_footer_widgets":"default","ocean_display_footer_bottom":"default","ocean_custom_footer_template":"","footnotes":""},"class_list":["post-10026","page","type-page","status-publish","hentry","entry","owp-thumbs-layout-horizontal","owp-btn-very-big","owp-tabs-layout-vertical","has-no-thumbnails","has-product-nav","circle-sale"],"jetpack_sharing_enabled":true,"jetpack-related-posts":[{"id":10119,"url":"https:\/\/www.artisanthai.com\/de\/tapee-tea-australia-buy-thai-herbal-tea\/","url_meta":{"origin":10026,"position":0},"title":"Thai Herbal Tea Australia | Buy Thai Herbal Tea","author":"gr.cherpillod@gmail.com","date":"Februar 27, 2026","format":false,"excerpt":"Thai Herbal Tea Australia \u2013 Thai Herbal Tea Online: The Ultimate Guide Welcome to the comprehensive guide on Thai Herbal Tea Australia \u2013 Thai Herbal Tea Online. This article delves into everything you need to know about purchasing and enjoying Thai Herbal Tea in Australia, from its rich history to\u2026","rel":"","context":"\u00c4hnlicher Beitrag","block_context":{"text":"\u00c4hnlicher Beitrag","link":""},"img":{"alt_text":"","src":"","width":0,"height":0},"classes":[]},{"id":31,"url":"https:\/\/www.artisanthai.com\/de\/blog\/","url_meta":{"origin":10026,"position":1},"title":"Blog","author":"gr.cherpillod@gmail.com","date":"April 7, 2016","format":false,"excerpt":"Blog - ArtisanThai | Authentic Thai Tea Blog - ArtisanThai | Authentic Thai Tea The Rich History of Thai Tea Thai tea, known for its vibrant color and unique flavor, has a rich history that dates back centuries. Originating in Thailand, this beverage has become a staple in Thai culture\u2026","rel":"","context":"\u00c4hnlicher Beitrag","block_context":{"text":"\u00c4hnlicher Beitrag","link":""},"img":{"alt_text":"","src":"","width":0,"height":0},"classes":[]},{"id":10117,"url":"https:\/\/www.artisanthai.com\/de\/tapee-tea-united-states-buy-thai-herbal-tea\/","url_meta":{"origin":10026,"position":2},"title":"Thai Herbal Tea United States | Buy Thai Herbal Tea","author":"gr.cherpillod@gmail.com","date":"Februar 27, 2026","format":false,"excerpt":"Thai Herbal Tea USA \u2013 Thai Herbal Tea Online: The Ultimate Guide Welcome to the ultimate guide on Thai Herbal Tea USA \u2013 Thai Herbal Tea Online. This comprehensive resource will provide you with everything you need to know about purchasing, preparing, and enjoying Thai Herbal Tea in the United\u2026","rel":"","context":"\u00c4hnlicher Beitrag","block_context":{"text":"\u00c4hnlicher Beitrag","link":""},"img":{"alt_text":"","src":"","width":0,"height":0},"classes":[]},{"id":8182,"url":"https:\/\/www.artisanthai.com\/de\/tapee-tea-singapore-buy-thai-herbal-tea\/","url_meta":{"origin":10026,"position":3},"title":"Thai Herbal Tea Singapore | Buy Thai Herbal Tea","author":"gr.cherpillod@gmail.com","date":"Dezember 12, 2025","format":false,"excerpt":"Thai Herbal Tea Singapore | Buy Thai Herbal Tea - ArtisanThai | Authentic Thai Tea Welcome to the ultimate guide on Thai Herbal Tea Singapore, your premier destination to buy authentic Thai herbal tea from ArtisanThai. Dive into the rich history, unique benefits, and preparation methods of this traditional Thai\u2026","rel":"","context":"\u00c4hnlicher Beitrag","block_context":{"text":"\u00c4hnlicher Beitrag","link":""},"img":{"alt_text":"","src":"","width":0,"height":0},"classes":[]},{"id":8186,"url":"https:\/\/www.artisanthai.com\/de\/tapee-tea-malaysia-buy-thai-herbal-tea\/","url_meta":{"origin":10026,"position":4},"title":"Thai Herbal Tea Malaysia | Buy Thai Herbal Tea","author":"gr.cherpillod@gmail.com","date":"Dezember 12, 2025","format":false,"excerpt":"Thai Herbal Tea Malaysia \u2013 Thai Herbal Tea Delivered to Your Door Looking for Thai Herbal Tea in Malaysia? ArtisanThai ships Thai herbal Thai Herbal Tea directly from Thailand to Malaysia with tracked delivery. Enjoy Thai herbal tea from the comfort of your home in Kuala Lumpur, Penang, Johor Bahru,\u2026","rel":"","context":"\u00c4hnlicher Beitrag","block_context":{"text":"\u00c4hnlicher Beitrag","link":""},"img":{"alt_text":"","src":"","width":0,"height":0},"classes":[]},{"id":2316,"url":"https:\/\/www.artisanthai.com\/de\/uber-uns\/","url_meta":{"origin":10026,"position":5},"title":"\u00dcber uns","author":"ArtisanThai.com","date":"September 17, 2024","format":false,"excerpt":"About ArtisanThai.com: Authentic Thai Tea from Thailand Who We Are ArtisanThai.com is a specialist online store dedicated to authentic Thai tea and herbal-style tea blends, sourced directly from licensed producers in Thailand. We operate as a compliant ecommerce retailer, working only with manufacturers whose teas are properly registered where required\u2026","rel":"","context":"\u00c4hnlicher Beitrag","block_context":{"text":"\u00c4hnlicher Beitrag","link":""},"img":{"alt_text":"","src":"","width":0,"height":0},"classes":[]}],"_links":{"self":[{"href":"https:\/\/www.artisanthai.com\/de\/wp-json\/wp\/v2\/pages\/10026","targetHints":{"allow":["GET"]}}],"collection":[{"href":"https:\/\/www.artisanthai.com\/de\/wp-json\/wp\/v2\/pages"}],"about":[{"href":"https:\/\/www.artisanthai.com\/de\/wp-json\/wp\/v2\/types\/page"}],"author":[{"embeddable":true,"href":"https:\/\/www.artisanthai.com\/de\/wp-json\/wp\/v2\/users\/1"}],"replies":[{"embeddable":true,"href":"https:\/\/www.artisanthai.com\/de\/wp-json\/wp\/v2\/comments?post=10026"}],"version-history":[{"count":5,"href":"https:\/\/www.artisanthai.com\/de\/wp-json\/wp\/v2\/pages\/10026\/revisions"}],"predecessor-version":[{"id":11368,"href":"https:\/\/www.artisanthai.com\/de\/wp-json\/wp\/v2\/pages\/10026\/revisions\/11368"}],"wp:attachment":[{"href":"https:\/\/www.artisanthai.com\/de\/wp-json\/wp\/v2\/media?parent=10026"}],"curies":[{"name":"wp","href":"https:\/\/api.w.org\/{rel}","templated":true}]}}